{"id":7,"date":"2022-04-13T15:25:29","date_gmt":"2022-04-13T15:25:29","guid":{"rendered":"https:\/\/avemariakc.com\/home\/?page_id=7"},"modified":"2025-09-30T18:32:04","modified_gmt":"2025-09-30T18:32:04","slug":"home","status":"publish","type":"page","link":"https:\/\/avemariakc.com\/home\/","title":{"rendered":"Home"},"content":{"rendered":"\n<div class=\"wp-block-cover alignfull is-light\" style=\"min-height:460px;aspect-ratio:unset;\"><span aria-hidden=\"true\" class=\"wp-block-cover__background has-background-dim-0 has-background-dim\"><\/span><img decoding=\"async\" class=\"wp-block-cover__image-background wp-image-171\" alt=\"\" src=\"https:\/\/avemariakc.com\/home\/wp-content\/uploads\/2022\/04\/banner-bg2.jpg\" style=\"object-position:50% 15%\" data-object-fit=\"cover\" data-object-position=\"50% 15%\"\/><div class=\"wp-block-cover__inner-container is-layout-flow wp-block-cover-is-layout-flow\">\n<h1 class=\"wp-block-heading has-text-align-center has-text-color\" style=\"color:#2f3ee3\"><strong>Ch\u00e0o b\u1ea1n \u0111\u1ebfn gh\u00e9 th\u0103m <br><\/strong>Join us to praise God<\/h1>\n\n\n\n<p class=\"has-text-align-center has-nv-dark-bg-color has-text-color\" style=\"font-size:17px\"><strong><mark style=\"background-color:#fc4e3a\" class=\"has-inline-color has-nv-site-bg-color\">T\u1eadp h\u00e1t h\u00e0ng tu\u1ea7n l\u00fac 6:30 pm, m\u1ed7i Th\u1ee9 S\u00e1u.<\/mark><\/strong><\/p>\n\n\n\n<div class=\"wp-block-buttons is-content-justification-center is-layout-flex wp-container-core-buttons-is-layout-1 wp-block-buttons-is-layout-flex\">\n<div class=\"wp-block-button is-style-primary\"><a class=\"wp-block-button__link wp-element-button\" href=\"https:\/\/avemariakc.com\/home\/?cat=1\">Th\u00e1nh Ca H\u00e0ng Tu\u1ea7n \/ Weekly Hymnals<\/a><\/div>\n<\/div>\n\n\n\n<div class=\"wp-block-buttons is-horizontal is-content-justification-center is-layout-flex wp-container-core-buttons-is-layout-2 wp-block-buttons-is-layout-flex\" style=\"font-style:normal;font-weight:200\">\n<div class=\"wp-block-button is-style-secondary\"><a class=\"wp-block-button__link wp-element-button\" href=\"https:\/\/avemariakc.com\/home\/?cat=9\" target=\"_blank\" rel=\"noreferrer noopener\">Ca \u0110o\u00e0n An\u00ea<\/a><\/div>\n<\/div>\n<\/div><\/div>\n\n\n\n<div class=\"wp-block-columns is-layout-flex wp-container-core-columns-is-layout-1 wp-block-columns-is-layout-flex\">\n<div class=\"wp-block-column is-layout-flow wp-block-column-is-layout-flow\"><div class=\"wp-block-image icon-style is-style-default\">\n<figure class=\"aligncenter is-resized\"><img decoding=\"async\" src=\"https:\/\/avemariakc.com\/home\/wp-content\/themes\/neve\/assets\/img\/starter-content\/icon-03.svg\" alt=\"\" style=\"width:48px;height:48px\"\/><\/figure><\/div>\n\n\n<h3 class=\"wp-block-heading has-text-align-center has-nv-c-1-color has-text-color\">Hi\u1ec7p Nh\u1ea5t \/ Unity <\/h3>\n\n\n\n<p class=\"has-text-align-center\">Hi\u1ec7p nh\u1ea5t trong t\u00ecnh y\u00eau th\u01b0\u01a1ng thu\u1eadn h\u00f2a.<\/p>\n\n\n\n<div style=\"height:20px\" aria-hidden=\"true\" class=\"wp-block-spacer\"><\/div>\n<\/div>\n\n\n\n<div class=\"wp-block-column is-layout-flow wp-block-column-is-layout-flow\"><div class=\"wp-block-image icon-style is-style-default\">\n<figure class=\"aligncenter is-resized\"><img decoding=\"async\" src=\"https:\/\/avemariakc.com\/home\/wp-content\/themes\/neve\/assets\/img\/starter-content\/icon-02.svg\" alt=\"\" style=\"width:48px;height:48px\"\/><\/figure><\/div>\n\n\n<h3 class=\"wp-block-heading has-text-align-center has-nv-c-1-color has-text-color\">Ph\u1ee5c V\u1ee5 \/ Serve<\/h3>\n\n\n\n<p class=\"has-text-align-center\">Ph\u1ee5c v\u1ee5 v\u1edbi l\u00f2ng d\u00e2ng l\u00ean Thi\u00ean Ch\u00faa nh\u1eefng n\u00e9n b\u1ea1c Ch\u00faa trao.<\/p>\n\n\n\n<div style=\"height:20px\" aria-hidden=\"true\" class=\"wp-block-spacer\"><\/div>\n<\/div>\n\n\n\n<div class=\"wp-block-column is-layout-flow wp-block-column-is-layout-flow\"><div class=\"wp-block-image icon-style is-style-rounded\">\n<figure class=\"aligncenter is-resized\"><img decoding=\"async\" src=\"https:\/\/avemariakc.com\/home\/wp-content\/themes\/neve\/assets\/img\/starter-content\/icon-01.svg\" alt=\"\" style=\"width:48px;height:48px\"\/><\/figure><\/div>\n\n\n<h3 class=\"wp-block-heading has-text-align-center has-nv-c-1-color has-text-color\">X\u00e2y D\u1ef1ng \/ Construct <\/h3>\n\n\n\n<p class=\"has-text-align-center\">X\u00e2y d\u1ef1ng ca \u0111o\u00e0n lu\u00f4n v\u1eefng ch\u1eafc trong t\u00ecnh th\u00e2n li\u00ean \u0111\u1edbi.<\/p>\n\n\n\n<div style=\"height:20px\" aria-hidden=\"true\" class=\"wp-block-spacer\"><\/div>\n<\/div>\n<\/div>\n\n\n\n<div class=\"wp-block-cover alignfull\" style=\"min-height:300px;aspect-ratio:unset;\"><span aria-hidden=\"true\" class=\"wp-block-cover__background has-nv-dark-bg-background-color has-background-dim-100 has-background-dim\"><\/span><div class=\"wp-block-cover__inner-container is-layout-flow wp-block-cover-is-layout-flow\">\n<p><\/p>\n\n\n\n<h2 class=\"wp-block-heading has-text-align-center has-nv-text-dark-bg-color has-text-color\">&#8220;L\u1ec5 nghi ph\u1ee5ng v\u1ee5 s\u1ebd mang h\u00ecnh th\u1ee9c cao qu\u00ed h\u01a1n, khi \u0111\u01b0\u1ee3c c\u1eed h\u00e0nh k\u00e8m theo ca h\u00e1t, m\u1ed7i khi th\u1eeba t\u00e1c vi\u00ean chu to\u00e0n \u0111\u00fang nhi\u1ec7m v\u1ee5 c\u1ee7a m\u00ecnh.&#8221;<\/h2>\n\n\n\n<p class=\"has-text-align-center has-medium-font-size\">Tr\u00edch trong: Hu\u1ea5n Th\u1ecb &#8220;V\u1ec1 \u00c2m Nh\u1ea1c Trong Ph\u1ee5ng V\u1ee5&#8221; (Instructio de Musica in Sacra Liturgia) Th\u00e1nh B\u1ed9 L\u1ec5 Nghi, Ng\u00e0y 5 th\u00e1ng 3 n\u0103m 1967.<\/p>\n\n\n\n<div class=\"wp-block-buttons is-content-justification-center is-layout-flex wp-container-core-buttons-is-layout-3 wp-block-buttons-is-layout-flex\">\n<div class=\"wp-block-button is-style-primary\"><a class=\"wp-block-button__link wp-element-button\" href=\"https:\/\/calendi.com\/tailieu\/huanthi_thanhnhac.htm\" target=\"_blank\" rel=\"noreferrer noopener\">LEARN MORE<\/a><\/div>\n<\/div>\n<\/div><\/div>\n","protected":false},"excerpt":{"rendered":"<p>Hi\u1ec7p Nh\u1ea5t \/ Unity Hi\u1ec7p nh\u1ea5t trong t\u00ecnh y\u00eau th\u01b0\u01a1ng thu\u1eadn h\u00f2a. Ph\u1ee5c V\u1ee5 \/ Serve Ph\u1ee5c v\u1ee5 v\u1edbi l\u00f2ng d\u00e2ng l\u00ean Thi\u00ean Ch\u00faa nh\u1eefng n\u00e9n b\u1ea1c Ch\u00faa trao. X\u00e2y D\u1ef1ng \/ Construct X\u00e2y d\u1ef1ng ca \u0111o\u00e0n lu\u00f4n v\u1eefng ch\u1eafc trong t\u00ecnh th\u00e2n li\u00ean \u0111\u1edbi.<\/p>\n","protected":false},"author":1,"featured_media":0,"parent":0,"menu_order":0,"comment_status":"closed","ping_status":"closed","template":"","meta":{"neve_meta_sidebar":"","neve_meta_container":"default","neve_meta_enable_content_width":"on","neve_meta_content_width":100,"neve_meta_title_alignment":"","neve_meta_author_avatar":"","neve_post_elements_order":"","neve_meta_disable_header":"","neve_meta_disable_footer":"","neve_meta_disable_title":"on","footnotes":""},"class_list":["post-7","page","type-page","status-publish","hentry"],"featured_image_url":[],"post_author":"amadmin","assigned_categories":"","_links":{"self":[{"href":"https:\/\/avemariakc.com\/home\/index.php?rest_route=\/wp\/v2\/pages\/7","targetHints":{"allow":["GET"]}}],"collection":[{"href":"https:\/\/avemariakc.com\/home\/index.php?rest_route=\/wp\/v2\/pages"}],"about":[{"href":"https:\/\/avemariakc.com\/home\/index.php?rest_route=\/wp\/v2\/types\/page"}],"author":[{"embeddable":true,"href":"https:\/\/avemariakc.com\/home\/index.php?rest_route=\/wp\/v2\/users\/1"}],"replies":[{"embeddable":true,"href":"https:\/\/avemariakc.com\/home\/index.php?rest_route=%2Fwp%2Fv2%2Fcomments&post=7"}],"version-history":[{"count":32,"href":"https:\/\/avemariakc.com\/home\/index.php?rest_route=\/wp\/v2\/pages\/7\/revisions"}],"predecessor-version":[{"id":1631,"href":"https:\/\/avemariakc.com\/home\/index.php?rest_route=\/wp\/v2\/pages\/7\/revisions\/1631"}],"wp:attachment":[{"href":"https:\/\/avemariakc.com\/home\/index.php?rest_route=%2Fwp%2Fv2%2Fmedia&parent=7"}],"curies":[{"name":"wp","href":"https:\/\/api.w.org\/{rel}","templated":true}]}}