{"id":900,"date":"2024-04-03T02:11:56","date_gmt":"2024-04-03T02:11:56","guid":{"rendered":"https:\/\/avemariakc.com\/home\/?page_id=900"},"modified":"2025-09-23T20:41:55","modified_gmt":"2025-09-23T20:41:55","slug":"tham-gia-involve","status":"publish","type":"page","link":"https:\/\/avemariakc.com\/home\/?page_id=900","title":{"rendered":"Tham Gia \/ Involvement"},"content":{"rendered":"\n<div class=\"wp-block-columns is-layout-flex wp-container-core-columns-is-layout-1 wp-block-columns-is-layout-flex\">\n<div class=\"wp-block-column is-vertically-aligned-top is-layout-flow wp-block-column-is-layout-flow\" style=\"flex-basis:66.66%\">\n<p>Ca \u0111o\u00e0n M\u00e2n C\u00f4i lu\u00f4n \u0111\u00f3n nh\u1eadn nh\u1eefng anh ch\u1ecb em n\u00e0o mu\u1ed1n tham gia trong c\u00e1c sinh ho\u1ea1t c\u1ee7a ca \u0111o\u00e0n, y\u00eau th\u00edch ca h\u00e1t, th\u00e1nh nh\u1ea1c, d\u00f9ng gi\u1ecdng h\u00e1t Ch\u00faa ban \u0111\u1ec3 ca t\u1ee5ng Ch\u00faa v\u00e0 ph\u1ee5c v\u1ee5 c\u1ed9ng \u0111o\u00e0n.<\/p>\n\n\n\n<p>B\u00ean c\u1ea1nh \u0111\u00f3 nh\u1eefng anh ch\u1ecb c\u00f3 kh\u1ea3 n\u0103ng \u00e2m thanh, c\u00e1c k\u1ef9 thu\u1eadt l\u00e0m slideshow h\u00e0ng tu\u1ea7n cho c\u00e1c b\u00e0i h\u00e1t, c\u00e1c k\u1ef9 thu\u1eadt kh\u1ea3 n\u0103ng chung v\u1ec1 sinh ho\u1ea1t ca \u0111o\u00e0n. M\u1eddi c\u00e1c anh ch\u1ecb c\u00f9ng tham gia \u0111\u1ec3 \u0111\u00f3ng g\u00f3p nh\u1eefng kh\u1ea3 n\u0103ng c\u1ee7a m\u00ecnh \u0111\u1ec3 ph\u1ee5c v\u1ee5 c\u1ed9ng \u0111o\u00e0n d\u00e2n Ch\u00faa.<\/p>\n\n\n\n<p>C\u00f2n nh\u1eefng anh ch\u1ecb em c\u00f3 kh\u1ea3 n\u0103ng v\u1ec1 \u00e2m nh\u1ea1c, s\u1eed d\u1ee5ng \u0111\u01b0\u1ee3c c\u00e1c nh\u1ea1c c\u1ee5 nh\u01b0 Piano, Violin, S\u00e1o, nh\u1eefng nh\u1ea1c c\u1ee5 ph\u1ed1i kh\u00ed cho d\u00e0n nh\u1ea1c orchestra v.v., k\u00ednh m\u1eddi anh ch\u1ecb em c\u0169ng nh\u01b0 c\u00e1c b\u1ea1n c\u1ed1ng hi\u1ebfn nh\u1eefng kh\u1ea3 n\u0103ng Ch\u00faa ban \u0111\u1ec3 g\u00f3p ph\u1ea7n l\u00e0m cho nh\u1eefng b\u00e0i h\u00e1t trong th\u00e1nh l\u1ec5 tr\u1edf n\u00ean long tr\u1ecdng v\u00e0 ngh\u1ec7 thu\u1eadt th\u00e1nh. <\/p>\n\n\n\n<p>K\u00ednh m\u1eddi c\u00e1c anh ch\u1ecb em v\u00e0 c\u00e1c b\u1ea1n tham gia!<\/p>\n\n\n\n<p>Xin li\u00ean l\u1ea1c ch\u1ecb T\u00e2m, \u0111o\u00e0n tr\u01b0\u1edfng, ho\u1eb7c qua email: <a href=\"mailto:info@avemariakc.com\" target=\"_blank\" rel=\"noreferrer noopener\">info@avemariakc.com<\/a>.<\/p>\n<\/div>\n<\/div>\n\n\n\n<p><\/p>\n\n\n\n<p><\/p>\n","protected":false},"excerpt":{"rendered":"<p>Ca \u0111o\u00e0n M\u00e2n C\u00f4i lu\u00f4n \u0111\u00f3n nh\u1eadn nh\u1eefng anh ch\u1ecb em n\u00e0o mu\u1ed1n tham gia trong c\u00e1c sinh ho\u1ea1t c\u1ee7a ca \u0111o\u00e0n, y\u00eau th\u00edch ca h\u00e1t, th\u00e1nh nh\u1ea1c, d\u00f9ng gi\u1ecdng h\u00e1t Ch\u00faa ban \u0111\u1ec3 ca t\u1ee5ng Ch\u00faa v\u00e0 ph\u1ee5c v\u1ee5 c\u1ed9ng \u0111o\u00e0n. B\u00ean c\u1ea1nh \u0111\u00f3 nh\u1eefng anh ch\u1ecb c\u00f3 kh\u1ea3 n\u0103ng \u00e2m thanh, c\u00e1c k\u1ef9&hellip;&nbsp;<a href=\"https:\/\/avemariakc.com\/home\/?page_id=900\" class=\"\" rel=\"bookmark\">Read More &raquo;<span class=\"screen-reader-text\">Tham Gia \/ Involvement<\/span><\/a><\/p>\n","protected":false},"author":1,"featured_media":0,"parent":0,"menu_order":0,"comment_status":"closed","ping_status":"closed","template":"","meta":{"neve_meta_sidebar":"","neve_meta_container":"","neve_meta_enable_content_width":"","neve_meta_content_width":0,"neve_meta_title_alignment":"","neve_meta_author_avatar":"","neve_post_elements_order":"","neve_meta_disable_header":"","neve_meta_disable_footer":"","neve_meta_disable_title":"","footnotes":""},"class_list":["post-900","page","type-page","status-publish","hentry"],"featured_image_url":[],"post_author":"amadmin","assigned_categories":"","_links":{"self":[{"href":"https:\/\/avemariakc.com\/home\/index.php?rest_route=\/wp\/v2\/pages\/900","targetHints":{"allow":["GET"]}}],"collection":[{"href":"https:\/\/avemariakc.com\/home\/index.php?rest_route=\/wp\/v2\/pages"}],"about":[{"href":"https:\/\/avemariakc.com\/home\/index.php?rest_route=\/wp\/v2\/types\/page"}],"author":[{"embeddable":true,"href":"https:\/\/avemariakc.com\/home\/index.php?rest_route=\/wp\/v2\/users\/1"}],"replies":[{"embeddable":true,"href":"https:\/\/avemariakc.com\/home\/index.php?rest_route=%2Fwp%2Fv2%2Fcomments&post=900"}],"version-history":[{"count":8,"href":"https:\/\/avemariakc.com\/home\/index.php?rest_route=\/wp\/v2\/pages\/900\/revisions"}],"predecessor-version":[{"id":1616,"href":"https:\/\/avemariakc.com\/home\/index.php?rest_route=\/wp\/v2\/pages\/900\/revisions\/1616"}],"wp:attachment":[{"href":"https:\/\/avemariakc.com\/home\/index.php?rest_route=%2Fwp%2Fv2%2Fmedia&parent=900"}],"curies":[{"name":"wp","href":"https:\/\/api.w.org\/{rel}","templated":true}]}}